{"id":15,"date":"2022-04-03T11:07:10","date_gmt":"2022-04-03T09:07:10","guid":{"rendered":"https:\/\/guenterwalter.de\/de\/?page_id=15"},"modified":"2024-07-06T15:18:44","modified_gmt":"2024-07-06T13:18:44","slug":"cv","status":"publish","type":"page","link":"https:\/\/guenterwalter.de\/de\/cv\/","title":{"rendered":"CV"},"content":{"rendered":"","protected":false},"excerpt":{"rendered":"","protected":false},"author":1,"featured_media":0,"parent":0,"menu_order":0,"comment_status":"closed","ping_status":"closed","template":"","meta":[],"class_list":["post-15","page","type-page","status-publish","hentry"],"grid":"{\r\n  \"colCount\": 24,\r\n  \"colGutter\": 0.1,\r\n  \"rowGutters\": [],\r\n  \"frameMargin\": 5,\r\n  \"leftFrameMargin\": 0,\r\n  \"rightFrameMargin\": 0,\r\n  \"topFrameMargin\": 209,\r\n  \"bottomFrameMargin\": 0,\r\n  \"rowAttrs\": [\r\n    {}\r\n  ],\r\n  \"bgColor\": null,\r\n  \"cont\": [\r\n    {\r\n      \"type\": \"text\",\r\n      \"cont\": \"<h1 class=\\\"_Ueberschrift\\\">G\u00fcnter Walter<\/h1><p class=\\\"_Default\\\">\u00a0<\/p><p class=\\\"_Default\\\">\u00a0<\/p><p class=\\\"_Default\\\">1943 geboren in F\u00fcrth (Bayern), lebt und arbeitet in Wittnau bei Freiburg<\/p><p class=\\\"_Default\\\">\u00a0<\/p><p class=\\\"_Default\\\">Studium an der Akademie der Bildenden K\u00fcnste N\u00fcrnberg bei Prof.\u2006Gerhard Wendland<\/p><p class=\\\"_Default\\\">\u00a0<\/p><p class=\\\"_Default\\\">Mitglied im K\u00fcnstlerbund Baden-W\u00fcrttemberg<\/p><p class=\\\"_Default\\\">\u00a0<\/p><p class=\\\"_Default\\\">\u00a0<\/p><p class=\\\"_Default\\\">\u00a0<\/p><h1 class=\\\"_Ueberschrift\\\">Sammlungen<\/h1><p class=\\\"_Default\\\">\u00a0<\/p><p class=\\\"_Default\\\">\u00a0<\/p><p class=\\\"_Default\\\">Arbeiten in \u00f6ffentlichen und privaten Sammlungen im In- und Ausland, u.\u2006a. Sammlung Eugen Gomringer, institut f\u00fcr konstruktive kunst und konkrete poesie, Rehau; Regierungspr\u00e4sidium Freiburg im Breisgau; pro arte \u2013 ulmer kunststiftung; Gratianusstiftung, Reutlingen; E&amp;K Stiftung, Freiburg im Breisgau; Sammlung L\u00e1szl\u00f3 Vass, Veszpr\u00e9m\/Budapest, Ungarn<\/p><p class=\\\"_Default\\\">\u00a0<\/p><p class=\\\"_Default\\\">\u00a0<\/p><p class=\\\"_Default\\\">\u00a0<\/p><h1 class=\\\"_Ueberschrift\\\">Preise<\/h1><p class=\\\"_Default\\\">\u00a0<\/p><p class=\\\"_Default\\\">\u00a0<\/p><p class=\\\"_Default\\\">Preis der Commerzbank N\u00fcrnberg f\u00fcr Malerei, 1977<\/p><p class=\\\"_Default\\\">\u00a0<\/p><p class=\\\"_Default\\\">\u00a0<\/p><p class=\\\"_Default\\\">\u00a0<\/p><h1 class=\\\"_Ueberschrift\\\">Bibliografie<\/h1><p class=\\\"_Default\\\">\u00a0<\/p><p class=\\\"_Default\\\"><br \/>G\u00fcnter Walter, <span class=\\\"_Kursiv\\\">Zeichnungen 2001\u20132010,<\/span> Freiburg im Breisgau: modo-Verlag, 2011<\/p>\",\r\n      \"align\": \"top\",\r\n      \"row\": 0,\r\n      \"col\": 0,\r\n      \"colspan\": 7,\r\n      \"offsetx\": 0,\r\n      \"offsety\": 0,\r\n      \"spaceabove\": 0,\r\n      \"spacebelow\": 0,\r\n      \"yvel\": 1,\r\n      \"push\": 0,\r\n      \"relid\": 4,\r\n      \"frameOverflow\": \"\",\r\n      \"classes\": \"cv\"\r\n    },\r\n    {\r\n      \"type\": \"text\",\r\n      \"cont\": \"<h1 class=\\\"_Ueberschrift\\\">Einzelausstellungen<\/h1><p class=\\\"_Default\\\">\u00a0<\/p><p class=\\\"_Default\\\">\u00a0<\/p><p><span class=\\\"_Tabellenziffern\\\">2023<\/span>\u2002Galerie Linda Treiber, Ettenheimm\u00fcnster<\/p><p class=\\\"_CV_Jahr\\\"><span class=\\\"_Tabellenziffern\\\">2018<\/span>\u2002Georg-Scholz-Haus, Kunstverein Waldkirch (mit Keummi Paik-Bauermeister)<\/p><p class=\\\"_CV_Spiegelstrich\\\">\u2014\u2002\u201eFarbe \u2013 Linie \u2013 Fl\u00e4che\u201c, Schloss Tiengen (mit Keummi Paik-Bauermeister)<\/p><p class=\\\"_CV_Spiegelstrich\\\">\u2014\u2002Galerie Linda Treiber, Ettenheimm\u00fcnster (mit Dorothee Rocke)<\/p><p class=\\\"_CV_Jahr\\\"><span class=\\\"_Tabellenziffern\\\">2017<\/span>\u2002m\u00e4rz Galerie, Mannheim<\/p><p class=\\\"_CV_Spiegelstrich\\\">\u2014\u2002<span>\u201e<\/span>Parallelen<span>\u201c<\/span>, Museum der Wahrnehmung (MUWA), Graz, \u00d6sterreich<\/p><p class=\\\"_CV_Spiegelstrich\\\">\u2014\u2002Galerie Abb\u00fchl, Solothurn, Schweiz<\/p><p class=\\\"_CV_Spiegelstrich\\\">\u2014\u2002<span>\u201e<\/span>line to line<span>\u201c<\/span>, Biennale der Zeichnung, Kunstverein Erlangen<\/p><p class=\\\"_CV_Jahr\\\"><span class=\\\"_Tabellenziffern\\\">2016<\/span>\u2002pro arte \u2013 ulmer kunststiftung, Ulm (mit Gisela Hoffmann)<\/p><p class=\\\"_CV_Jahr\\\"><span class=\\\"_Tabellenziffern\\\">2015<\/span>\u2002Galerie Ulf Larsson, K\u00f6ln<\/p><p class=\\\"_CV_Jahr\\\"><span class=\\\"_Tabellenziffern\\\">2014<\/span>\u2002kunst galerie f\u00fcrth (mit Rainer Thomas)<\/p><p class=\\\"_CV_Spiegelstrich\\\">\u2014\u2002Merdinger Kunstforum<\/p><p class=\\\"_CV_Jahr\\\"><span class=\\\"_Tabellenziffern\\\">2013<\/span>\u2002Stadtmuseum H\u00fcfingen (mit Hubert Rieber)<\/p><p class=\\\"_CV_Spiegelstrich\\\">\u2014\u2002Verein f\u00fcr aktuelle Kunst \/ Ruhrgebiet, Oberhausen<\/p><p class=\\\"_CV_Jahr\\\"><span class=\\\"_Tabellenziffern\\\">2012<\/span>\u2002Zentrum f\u00fcr interdisziplin\u00e4re Gestaltung, Weisbachsches Haus, Plauen<\/p><p class=\\\"_CV_Spiegelstrich\\\">\u2014\u2002Galerie aircube, Linz, \u00d6sterreich<\/p><p class=\\\"_CV_Jahr\\\"><span class=\\\"_Tabellenziffern\\\">2011<\/span>\u2002institut f\u00fcr konstruktive kunst und konkrete poesie, Kunsthaus Rehau<\/p><p class=\\\"_CV_Spiegelstrich\\\">\u2014\u2002Galerie artopoi, Freiburg im Breisgau<\/p><p class=\\\"_CV_Jahr\\\"><span class=\\\"_Tabellenziffern\\\">2010<\/span>\u2002Galerie artopoi, Freiburg im Breisgau (mit Inge Dick)<\/p><p class=\\\"_CV_Jahr\\\"><span class=\\\"_Tabellenziffern\\\">2007<\/span>\u2002institut f\u00fcr konstruktive kunst und konkrete poesie, Kunsthaus Rehau<\/p><p class=\\\"_CV_Jahr\\\"><span class=\\\"_Tabellenziffern\\\">1988<\/span>\u2002Galerie 48, Hof<\/p><p class=\\\"_CV_Jahr\\\"><span class=\\\"_Tabellenziffern\\\">1984<\/span>\u2002Galerie Streubel, N\u00fcrnberg<\/p><p class=\\\"_CV_Jahr\\\"><span class=\\\"_Tabellenziffern\\\">1983<\/span>\u2002Universit\u00e4t Bielefeld<\/p><p class=\\\"_Default\\\">\u00a0<\/p><p class=\\\"_Default\\\">\u00a0<\/p><h1 class=\\\"_Ueberschrift\\\"><br \/>Ausstellungsbeteiligungen<\/h1><p class=\\\"_Default\\\">\u00a0<\/p><p>\u00a0<\/p><p class=\\\"_Default\\\"><span class=\\\"_Tabellenziffern\\\">2021\u201327<\/span>\u2002Gratianusstiftung \u2013 Kunstsammlung Reutlingen<\/p><p class=\\\"_CV_Jahr\\\"><span class=\\\"_Tabellenziffern\\\">2022<\/span>\u2002Galerie und Edition Hoffmann, Friedberg<\/p><p class=\\\"_CV_Spiegelstrich\\\">\u2014\u2002Galerie Linda Treiber, Freiburg im Breisgau und Ettenheimm\u00fcnster<\/p><p class=\\\"_CV_Jahr\\\"><span class=\\\"_Tabellenziffern\\\">2021<\/span>\u2002Merdinger Kunstforum<\/p><p class=\\\"_CV_Spiegelstrich\\\">\u2014\u2002institut f\u00fcr konstruktive kunst und konkrete poesie, Kunsthaus Rehau<\/p><p class=\\\"_CV_Spiegelstrich\\\">\u2014\u2002Museum Lapidarium, Novigrad, Istrien, Kroatien<\/p><p class=\\\"_CV_Jahr\\\"><span class=\\\"_Tabellenziffern\\\">2020<\/span>\u2002E&amp;K Stiftung, Freiburg im Breisgau<\/p><p class=\\\"_CV_Jahr\\\"><span class=\\\"_Tabellenziffern\\\">2019<\/span>\u2002Kunstkontor N\u00fcrnberg<\/p><p class=\\\"_CV_Spiegelstrich\\\">\u2014\u2002Galerie Klaus Braun, Stuttgart<\/p><p class=\\\"_CV_Spiegelstrich\\\">\u2014\u2002<span>\u201e<\/span>parallel<span>\u201c<\/span>, Kulturwerk T66, Freiburg im Breisgau<\/p><p class=\\\"_CV_Spiegelstrich\\\">\u2014\u2002<span>\u201e<\/span>gomringer<span>\u201c<\/span>, Museum der Wahrnehmung, Graz, \u00d6sterreich<\/p><p class=\\\"_CV_Jahr\\\"><span class=\\\"_Tabellenziffern\\\">2018<\/span>\u2002<span>\u201e<\/span>finale<span>\u201c<\/span>, galerie konkret, Sulzburg<\/p><p class=\\\"_CV_Spiegelstrich\\\">\u2014\u2002<span>\u201e<\/span>Hydrography V<span>\u201c<\/span>, e9a \u2013 project space for abstract and minimal art, Freiburg im Breisgau<\/p><p class=\\\"_CV_Spiegelstrich\\\">\u2014\u2002<span>\u201e<\/span>KONVOLUTION \u2013 K\u00dcNSTLERBUCHPROJEKTE<span>\u201c<\/span>, Osthaus-Museum, Hagen<\/p><p class=\\\"_CV_Spiegelstrich\\\">\u2014\u2002<span>\u201e<\/span>kunstBUCHaktion<span>\u201c<\/span>, modoverlag, Freiburg im Breisgau<\/p><p class=\\\"_CV_Jahr\\\"><span class=\\\"_Tabellenziffern\\\">2017<\/span>\u2002<span>\u201e<\/span>Archiquest<span>\u201c<\/span>, Regionale 18, Palazzo Liestal, Schweiz<\/p><p class=\\\"_CV_Spiegelstrich\\\">\u2014\u2002Verein f\u00fcr aktuelle Kunst \/ Ruhrgebiet, Oberhausen<\/p><p class=\\\"_CV_Jahr\\\"><span class=\\\"_Tabellenziffern\\\">2016<\/span>\u2002Auswahl zum 23. Aichacher Kunstpreis, Kunstverein Aichach<\/p><p class=\\\"_CV_Jahr\\\"><span class=\\\"_Tabellenziffern\\\">2015<\/span>\u2002Galerie Hein Elferink, Staphorst, Niederlande<\/p><p class=\\\"_CV_Spiegelstrich\\\">\u2014\u2002Galerie Linda Treiber, Ettenheimm\u00fcnster<\/p><p class=\\\"_CV_Spiegelstrich\\\">\u2014\u2002m\u00e4rz galerie, Mannheim<\/p><p class=\\\"_CV_Spiegelstrich\\\">\u2014\u2002<span>\u201e<\/span>elementar: die linie<span>\u201c<\/span>, galerie konkret, Sulzburg<\/p><p class=\\\"_CV_Spiegelstrich\\\">\u2014\u2002<span>\u201e<\/span>Alle!<span>\u201c<\/span>, Mitgliederausstellung des K\u00fcnstlerbundes Baden-W\u00fcrttemberg, St\u00e4dtische Galerie Karlsruhe*<\/p><p class=\\\"_CV_Spiegelstrich\\\">\u2014\u2002<span>\u201e<\/span>continuous abstraction<span>\u201c<\/span>, Kunstverein Tiergarten, Berlin*<\/p><p class=\\\"_CV_Jahr\\\"><span class=\\\"_Tabellenziffern\\\">2014<\/span>\u2002Ausstellung zum Kunstpreis der N\u00fcrnberger Nachrichten*<\/p><p class=\\\"_CV_Spiegelstrich\\\">\u2014\u2002art Karlsruhe, mit Galerie Hoffmann, Friedberg<\/p><p class=\\\"_CV_Jahr\\\"><span class=\\\"_Tabellenziffern\\\">2013<\/span>\u2002Galerie Linda Treiber, Ettenheimm\u00fcnster<\/p><p class=\\\"_CV_Spiegelstrich\\\">\u2014\u2002<span>\u201e<\/span>Infinitiv: Zeichnungen<span>\u201c<\/span>, Kulturwerk T66, Freiburg im Breisgau<\/p><p class=\\\"_CV_Spiegelstrich\\\">\u2014\u2002<span>\u201e<\/span>Schwarz-Wei\u00df<span>\u201c<\/span>, Galerie artopoi, Freiburg im Breisgau<\/p><p class=\\\"_CV_Jahr\\\"><span class=\\\"_Tabellenziffern\\\">2012<\/span>\u2002<span>\u201e<\/span>zeichnen zeichnen, toujours toujours<span>\u201c<\/span>, Regionale 13, La Kunsthalle Mulhouse, Frankreich<\/p><p class=\\\"_CV_Spiegelstrich\\\">\u2014\u2002<span>\u201e<\/span>Klein aber Kunst<span>\u201c<\/span>, Neuer Worpsweder Kunstverein<\/p><p class=\\\"_CV_Spiegelstrich\\\">\u2014\u2002Gesellschaft f\u00fcr Kunst und Gestaltung, Bonn<\/p><p class=\\\"_CV_Spiegelstrich\\\">\u2014\u2002Galerie Ulf Larsson, K\u00f6ln<\/p><p class=\\\"_CV_Spiegelstrich\\\">\u2014\u2002m\u00e4rz galerie, Mannheim<\/p><p class=\\\"_CV_Jahr\\\"><span class=\\\"_Tabellenziffern\\\">2011<\/span>\u2002<span>\u201e<\/span>Kunstsalon 2011<span>\u201c<\/span>, Haus der Kunst, M\u00fcnchen<\/p><p class=\\\"_CV_Spiegelstrich\\\">\u2014\u2002m\u00e4rz galerie, Mannheim<\/p><p class=\\\"_CV_Spiegelstrich\\\">\u2014\u2002Salon R\u00e9alit\u00e9s Nouvelles, Paris, Frankreich<\/p><p class=\\\"_CV_Spiegelstrich\\\">\u2014\u2002Museum Modern Art, H\u00fcnfeld<\/p><p class=\\\"_CV_Jahr\\\"><span class=\\\"_Tabellenziffern\\\">2010<\/span>\u2002Kunstverein Aichach<\/p><p class=\\\"_CV_Spiegelstrich\\\">\u2014\u2002Kunsthaus Rehau<\/p><p class=\\\"_CV_Spiegelstrich\\\">\u2014\u2002Messmer Foundation, Riegel<\/p><p class=\\\"_CV_Jahr\\\"><span class=\\\"_Tabellenziffern\\\">2008<\/span>\u2002<span>\u201e<\/span>Zeichen \u2013 Linie \u2013 Ornament<span>\u201c<\/span>, Galerie Riedmiller, <span>Bad Gr\u00f6nenbach<\/span><\/p><p class=\\\"_CV_Jahr\\\"><span class=\\\"_Tabellenziffern\\\">1981<\/span>\u2002Kunstverein N\u00fcrnberg \u2013 Albrecht D\u00fcrer Gesellschaft<\/p><p class=\\\"_CV_Jahr\\\"><span class=\\\"_Tabellenziffern\\\">1977<\/span>\u2002Commerzbank N\u00fcrnberg<\/p><p class=\\\"_Default\\\">\u00a0<\/p><p class=\\\"_Default\\\">*\u2002mit Ausstellungskatalog<\/p>\",\r\n      \"align\": \"top\",\r\n      \"row\": 0,\r\n      \"col\": 10,\r\n      \"colspan\": 14,\r\n      \"offsetx\": 0,\r\n      \"offsety\": 0,\r\n      \"spaceabove\": 0,\r\n      \"spacebelow\": 0,\r\n      \"yvel\": 1,\r\n      \"push\": 3,\r\n      \"relid\": 5,\r\n      \"frameOverflow\": \"\"\r\n    }\r\n  ]\r\n}","phonegrid":"","_links":{"self":[{"href":"https:\/\/guenterwalter.de\/de\/wp-json\/wp\/v2\/pages\/15","targetHints":{"allow":["GET"]}}],"collection":[{"href":"https:\/\/guenterwalter.de\/de\/wp-json\/wp\/v2\/pages"}],"about":[{"href":"https:\/\/guenterwalter.de\/de\/wp-json\/wp\/v2\/types\/page"}],"author":[{"embeddable":true,"href":"https:\/\/guenterwalter.de\/de\/wp-json\/wp\/v2\/users\/1"}],"replies":[{"embeddable":true,"href":"https:\/\/guenterwalter.de\/de\/wp-json\/wp\/v2\/comments?post=15"}],"version-history":[{"count":0,"href":"https:\/\/guenterwalter.de\/de\/wp-json\/wp\/v2\/pages\/15\/revisions"}],"wp:attachment":[{"href":"https:\/\/guenterwalter.de\/de\/wp-json\/wp\/v2\/media?parent=15"}],"curies":[{"name":"wp","href":"https:\/\/api.w.org\/{rel}","templated":true}]}}